{"id":445,"date":"2023-03-21T23:48:04","date_gmt":"2023-03-21T22:48:04","guid":{"rendered":"https:\/\/djmaabee.de\/?page_id=445"},"modified":"2023-03-23T19:58:29","modified_gmt":"2023-03-23T18:58:29","slug":"impressum","status":"publish","type":"page","link":"https:\/\/djmaabee.de\/en\/impressum\/","title":{"rendered":"Impressum"},"content":{"rendered":"<div data-elementor-type=\"wp-page\" data-elementor-id=\"445\" class=\"elementor elementor-445\">\n\t\t\t\t\t\t\t\t\t<section class=\"elementor-section elementor-top-section elementor-element elementor-element-1f3362b elementor-section-boxed elementor-section-height-default elementor-section-height-default\" data-id=\"1f3362b\" data-element_type=\"section\">\n\t\t\t\t\t\t<div class=\"elementor-container elementor-column-gap-default\">\n\t\t\t\t\t<div class=\"elementor-column elementor-col-100 elementor-top-column elementor-element elementor-element-0d1ae07\" data-id=\"0d1ae07\" data-element_type=\"column\">\n\t\t\t<div class=\"elementor-widget-wrap elementor-element-populated\">\n\t\t\t\t\t\t\t\t<div class=\"elementor-element elementor-element-026752a elementor-widget elementor-widget-softwaregarten\" data-id=\"026752a\" data-element_type=\"widget\" data-widget_type=\"softwaregarten.default\">\n\t\t\t\t<div class=\"elementor-widget-container\">\n\t\t\t<div class=\"softwaregarten-elementor-widget\"><h1>Impressum<\/h1>\t\t\t<script type=\"application\/javascript\"> var UC_UI_SUPPRESS_CMP_DISPLAY=true;<\/script>\n\t\t\t\n\t\t\t<div style=\"word-wrap: break-word;\">\n\t\t\t<br>\n\t\t\t<h2>Angaben gem\u00e4\u00df \u00a7 5 TMG<\/h2>\n\t\t\t<p>Tm Events Ug & co KG<br>Graf Bray Str 27<br \/>\r\n94560 Offenberg&nbsp;\t\t\t<\/p>\n\t\t\t<br>\n\t\t\t<h2>Kontakt<\/h2>\n\t\t\t<p>Telefon: 0160 97728418<br>\n\t\t\t\t\t\tE-Mail: <a href=\"mailto:Info@tm-events.de\">Info@tm-events.de<\/a><\/p>\n\t\t\t<br>\n\t\t\t\t\t\t\t<h2>Webdesign &amp; Umsetzung<\/h2>\n\t\t\t\tFirmenherz Marketing GmbH & Co KG<br \/>\r\nBr\u00e4ugasse 1<br \/>\r\n94469 Deggendorf<br \/>\r\n<br \/>\r\n<a href=\"https:\/\/www.firmenherz.de\">www.firmenherz.de<\/a>\t\t\t<br>\n\t\t\t<br>\n\t\t\t<h2>EU-Streitschlichtung<\/h2>\n\t\t\t<p>Die Europ\u00e4ische Kommission stellt eine Plattform zur Online-Streitbeilegung (OS) bereit: <a href=\"https:\/\/ec.europa.eu\/consumers\/odr\/\" target=\"_blank\" rel=\"noopener noreferrer\">https:\/\/ec.europa.eu\/consumers\/odr\/<\/a>.<br> Unsere E-Mail-Adresse finden Sie oben im Impressum.<\/p>\n\t\t\t<br>\n\t\t\t<h2>Verbraucher&shy;streit&shy;beilegung\/Universal&shy;schlichtungs&shy;stelle<\/h2>\n\t\t\t<p>Wir sind nicht bereit oder verpflichtet, an Streitbeilegungsverfahren vor einer Verbraucherschlichtungsstelle teilzunehmen.<\/p>\n\t\t\t<br>\n\t\t\t\n\t\t\t\t\t<h2>Urheberrecht<\/h2>\n\t\t\t<p>Die durch die Seitenbetreiber erstellten Inhalte und Werke auf diesen Seiten unterliegen dem deutschen Urheberrecht. Die Vervielf\u00e4ltigung, Bearbeitung, Verbreitung und jede Art der Verwertung au\u00dferhalb der Grenzen des Urheberrechtes bed\u00fcrfen der schriftlichen Zustimmung des jeweiligen Autors bzw. Erstellers. Downloads und Kopien dieser Seite sind nur f\u00fcr den privaten, nicht kommerziellen Gebrauch gestattet.<\/p>\n\n\t\t\t<p>Soweit die Inhalte auf dieser Seite nicht vom Betreiber erstellt wurden, werden die Urheberrechte Dritter beachtet. Insbesondere werden Inhalte Dritter als solche gekennzeichnet. Sollten Sie trotzdem auf eine Urheberrechtsverletzung aufmerksam werden, bitten wir um einen entsprechenden Hinweis. Bei Bekanntwerden von Rechtsverletzungen werden wir derartige Inhalte umgehend entfernen.<\/p>\n\n\t\t\t<h3>Bilderverzeichnis<\/h3>\n\t\t\tFotostyle Harry Schindler - Straubing\t<\/div>\n\t\t\t\n\t\t\t<\/div>\t\t<\/div>\n\t\t\t\t<\/div>\n\t\t\t\t\t<\/div>\n\t\t<\/div>\n\t\t\t\t\t\t\t<\/div>\n\t\t<\/section>\n\t\t\t\t\t\t\t<\/div>","protected":false},"excerpt":{"rendered":"<p>Impressum Angaben gem\u00e4\u00df \u00a7 5 TMG Marcus St\u00f6berlLandshuter Str. 93 94315 Straubing Kontakt Telefon: 0160 97728418 E-Mail: info@djmaabee.de Webdesign &amp; Umsetzung Firmenherz Marketing GmbH &#038; Co KG Hauptstra\u00dfe 13 94469 Deggendorf www.firmenherz.de EU-Streitschlichtung Die Europ\u00e4ische Kommission stellt eine Plattform zur Online-Streitbeilegung (OS) bereit: https:\/\/ec.europa.eu\/consumers\/odr\/. Unsere E-Mail-Adresse finden Sie oben im Impressum. Verbraucher&shy;streit&shy;beilegung\/Universal&shy;schlichtungs&shy;stelle Wir sind nicht [&hellip;]<\/p>","protected":false},"author":1,"featured_media":0,"parent":0,"menu_order":0,"comment_status":"closed","ping_status":"closed","template":"","meta":{"footnotes":""},"class_list":["post-445","page","type-page","status-publish","hentry"],"_links":{"self":[{"href":"https:\/\/djmaabee.de\/en\/wp-json\/wp\/v2\/pages\/445","targetHints":{"allow":["GET"]}}],"collection":[{"href":"https:\/\/djmaabee.de\/en\/wp-json\/wp\/v2\/pages"}],"about":[{"href":"https:\/\/djmaabee.de\/en\/wp-json\/wp\/v2\/types\/page"}],"author":[{"embeddable":true,"href":"https:\/\/djmaabee.de\/en\/wp-json\/wp\/v2\/users\/1"}],"replies":[{"embeddable":true,"href":"https:\/\/djmaabee.de\/en\/wp-json\/wp\/v2\/comments?post=445"}],"version-history":[{"count":10,"href":"https:\/\/djmaabee.de\/en\/wp-json\/wp\/v2\/pages\/445\/revisions"}],"predecessor-version":[{"id":514,"href":"https:\/\/djmaabee.de\/en\/wp-json\/wp\/v2\/pages\/445\/revisions\/514"}],"wp:attachment":[{"href":"https:\/\/djmaabee.de\/en\/wp-json\/wp\/v2\/media?parent=445"}],"curies":[{"name":"wp","href":"https:\/\/api.w.org\/{rel}","templated":true}]}}